{"id":33,"date":"2023-03-25T01:32:09","date_gmt":"2023-03-25T00:32:09","guid":{"rendered":"http:\/\/drkadar.eu\/?page_id=33"},"modified":"2023-03-25T01:32:09","modified_gmt":"2023-03-25T00:32:09","slug":"szakteruletek","status":"publish","type":"page","link":"http:\/\/drkadar.eu\/?page_id=33","title":{"rendered":"Szakter\u00fcletek"},"content":{"rendered":"\n<ul>\n<li>Csal\u00e1djog<\/li>\n\n\n\n<li>Ingatlanjog<\/li>\n\n\n\n<li>T\u00e1rsas\u00e1gi jog<\/li>\n\n\n\n<li>Munkajog<\/li>\n\n\n\n<li>Kereskedelmi jog<\/li>\n\n\n\n<li>Okiratszerkeszt\u00e9s<\/li>\n\n\n\n<li>Peres k\u00e9pviselet<\/li>\n\n\n\n<li>\u00d6nkorm\u00e1nyzati \u00fcgyek<\/li>\n\n\n\n<li>Hagyat\u00e9ki \u00fcgyek<\/li>\n<\/ul>\n","protected":false},"excerpt":{"rendered":"","protected":false},"author":1,"featured_media":0,"parent":0,"menu_order":0,"comment_status":"closed","ping_status":"closed","template":"","meta":[],"_links":{"self":[{"href":"http:\/\/drkadar.eu\/index.php?rest_route=\/wp\/v2\/pages\/33"}],"collection":[{"href":"http:\/\/drkadar.eu\/index.php?rest_route=\/wp\/v2\/pages"}],"about":[{"href":"http:\/\/drkadar.eu\/index.php?rest_route=\/wp\/v2\/types\/page"}],"author":[{"embeddable":true,"href":"http:\/\/drkadar.eu\/index.php?rest_route=\/wp\/v2\/users\/1"}],"replies":[{"embeddable":true,"href":"http:\/\/drkadar.eu\/index.php?rest_route=%2Fwp%2Fv2%2Fcomments&post=33"}],"version-history":[{"count":1,"href":"http:\/\/drkadar.eu\/index.php?rest_route=\/wp\/v2\/pages\/33\/revisions"}],"predecessor-version":[{"id":34,"href":"http:\/\/drkadar.eu\/index.php?rest_route=\/wp\/v2\/pages\/33\/revisions\/34"}],"wp:attachment":[{"href":"http:\/\/drkadar.eu\/index.php?rest_route=%2Fwp%2Fv2%2Fmedia&parent=33"}],"curies":[{"name":"wp","href":"https:\/\/api.w.org\/{rel}","templated":true}]}}