{"id":18,"date":"2021-04-27T15:27:26","date_gmt":"2021-04-27T13:27:26","guid":{"rendered":"http:\/\/drkadar.eu\/?page_id=18"},"modified":"2026-01-06T11:20:22","modified_gmt":"2026-01-06T10:20:22","slug":"kapcsolat","status":"publish","type":"page","link":"http:\/\/drkadar.eu\/?page_id=18","title":{"rendered":"Kapcsolat"},"content":{"rendered":"\n<figure class=\"wp-block-image\"><img decoding=\"async\" src=\"http:\/\/drkadar.eu\/wp-content\/uploads\/2021\/04\/tet%C5%91.jpg\" alt=\"\"\/><\/figure>\n\n\n\n<p>Irod\u00e1nk a 1126 Budapest, N\u00e9metv\u00f6lgyi \u00fat 31. fszt 1. sz\u00e1m alatt tal\u00e1lhat\u00f3.<\/p>\n\n\n\n<p>\u00dcgyfeleinket el\u0151zetesen egyeztetett id\u0151pontban tudjuk fogadni. Lehet\u0151s\u00e9g van azonban az \u00fcgyv\u00e9di szolg\u00e1ltat\u00e1s ny\u00fajt\u00e1s\u00e1ra elektronikus h\u00edrk\u00f6zl\u0151 eszk\u00f6z (pl. MsTeams, Zoom, stb.) ig\u00e9nybe v\u00e9tele \u00fatj\u00e1n is, amennyiben a szem\u00e9lyes tal\u00e1lkoz\u00f3nak akad\u00e1lya van.<\/p>\n\n\n\n<p>Id\u0151pontot egyeztetni \u00fcgyfeleink telefonon a +36-30-9087418-as mobil telefonsz\u00e1mon, vagy e-mailen a balazs@drkadar.eu c\u00edmen tudnak.<\/p>\n\n\n\n<p>  <\/p>\n","protected":false},"excerpt":{"rendered":"<p>Irod\u00e1nk a 1126 Budapest, N\u00e9metv\u00f6lgyi \u00fat 31. fszt 1. sz\u00e1m alatt tal\u00e1lhat\u00f3. \u00dcgyfeleinket el\u0151zetesen egyeztetett id\u0151pontban tudjuk fogadni. Lehet\u0151s\u00e9g van azonban az \u00fcgyv\u00e9di szolg\u00e1ltat\u00e1s ny\u00fajt\u00e1s\u00e1ra elektronikus h\u00edrk\u00f6zl\u0151 eszk\u00f6z (pl. MsTeams, Zoom, stb.) ig\u00e9nybe v\u00e9tele \u00fatj\u00e1n is, amennyiben a szem\u00e9lyes tal\u00e1lkoz\u00f3nak akad\u00e1lya van. Id\u0151pontot egyeztetni \u00fcgyfeleink telefonon a +36-30-9087418-as mobil telefonsz\u00e1mon, vagy e-mailen a balazs@drkadar.eu c\u00edmen [&hellip;]<\/p>\n","protected":false},"author":1,"featured_media":19,"parent":2,"menu_order":1,"comment_status":"closed","ping_status":"closed","template":"","meta":[],"_links":{"self":[{"href":"http:\/\/drkadar.eu\/index.php?rest_route=\/wp\/v2\/pages\/18"}],"collection":[{"href":"http:\/\/drkadar.eu\/index.php?rest_route=\/wp\/v2\/pages"}],"about":[{"href":"http:\/\/drkadar.eu\/index.php?rest_route=\/wp\/v2\/types\/page"}],"author":[{"embeddable":true,"href":"http:\/\/drkadar.eu\/index.php?rest_route=\/wp\/v2\/users\/1"}],"replies":[{"embeddable":true,"href":"http:\/\/drkadar.eu\/index.php?rest_route=%2Fwp%2Fv2%2Fcomments&post=18"}],"version-history":[{"count":3,"href":"http:\/\/drkadar.eu\/index.php?rest_route=\/wp\/v2\/pages\/18\/revisions"}],"predecessor-version":[{"id":40,"href":"http:\/\/drkadar.eu\/index.php?rest_route=\/wp\/v2\/pages\/18\/revisions\/40"}],"up":[{"embeddable":true,"href":"http:\/\/drkadar.eu\/index.php?rest_route=\/wp\/v2\/pages\/2"}],"wp:featuredmedia":[{"embeddable":true,"href":"http:\/\/drkadar.eu\/index.php?rest_route=\/wp\/v2\/media\/19"}],"wp:attachment":[{"href":"http:\/\/drkadar.eu\/index.php?rest_route=%2Fwp%2Fv2%2Fmedia&parent=18"}],"curies":[{"name":"wp","href":"https:\/\/api.w.org\/{rel}","templated":true}]}}